{"id":76,"date":"2020-07-03T18:02:27","date_gmt":"2020-07-03T18:02:27","guid":{"rendered":"http:\/\/transportadorafenix.com.br\/?page_id=76"},"modified":"2024-03-13T11:15:33","modified_gmt":"2024-03-13T14:15:33","slug":"sobre-a-empresa","status":"publish","type":"page","link":"https:\/\/transportadorafenix.com.br\/index.php\/sobre-a-empresa\/","title":{"rendered":"Sobre a Empresa"},"content":{"rendered":"\n<p>A Fenix atua no mercado de transportes e log\u00edstica, oferecendo servi\u00e7os de Transportes Dedicados e Transfer\u00eancias com frota pr\u00f3pria especializada.<\/p>\n\n\n\n<p>Possuimos \u00e1rea de Armaz\u00e9ns onde atuamos como operador Log\u00edstico de conceituados clientes da Regi\u00e3o.<\/p>\n\n\n\n<p><\/p>\n\n\n\n<figure class=\"wp-block-image size-large\"><img loading=\"lazy\" decoding=\"async\" width=\"680\" height=\"463\" src=\"https:\/\/i0.wp.com\/transportadorafenix.com.br\/wp-content\/uploads\/2024\/03\/12-4.png?resize=680%2C463&#038;ssl=1\" alt=\"\" class=\"wp-image-1028\" srcset=\"https:\/\/i0.wp.com\/transportadorafenix.com.br\/wp-content\/uploads\/2024\/03\/12-4.png?resize=1024%2C697&amp;ssl=1 1024w, https:\/\/i0.wp.com\/transportadorafenix.com.br\/wp-content\/uploads\/2024\/03\/12-4.png?resize=300%2C204&amp;ssl=1 300w, https:\/\/i0.wp.com\/transportadorafenix.com.br\/wp-content\/uploads\/2024\/03\/12-4.png?resize=768%2C523&amp;ssl=1 768w, https:\/\/i0.wp.com\/transportadorafenix.com.br\/wp-content\/uploads\/2024\/03\/12-4.png?resize=1536%2C1046&amp;ssl=1 1536w, https:\/\/i0.wp.com\/transportadorafenix.com.br\/wp-content\/uploads\/2024\/03\/12-4.png?resize=2048%2C1394&amp;ssl=1 2048w, https:\/\/i0.wp.com\/transportadorafenix.com.br\/wp-content\/uploads\/2024\/03\/12-4.png?w=1360&amp;ssl=1 1360w\" sizes=\"(max-width: 680px) 100vw, 680px\" data-recalc-dims=\"1\" \/><\/figure>\n","protected":false},"excerpt":{"rendered":"<p>A Fenix atua no mercado de transportes e log\u00edstica, oferecendo servi\u00e7os de Transportes Dedicados e Transfer\u00eancias com frota pr\u00f3pria especializada. Possuimos \u00e1rea de Armaz\u00e9ns onde atuamos como operador Log\u00edstico de conceituados clientes da Regi\u00e3o.<\/p>\n","protected":false},"author":2,"featured_media":0,"parent":0,"menu_order":0,"comment_status":"closed","ping_status":"closed","template":"","meta":{"inline_featured_image":false,"footnotes":""},"jetpack_sharing_enabled":true,"_links":{"self":[{"href":"https:\/\/transportadorafenix.com.br\/index.php\/wp-json\/wp\/v2\/pages\/76"}],"collection":[{"href":"https:\/\/transportadorafenix.com.br\/index.php\/wp-json\/wp\/v2\/pages"}],"about":[{"href":"https:\/\/transportadorafenix.com.br\/index.php\/wp-json\/wp\/v2\/types\/page"}],"author":[{"embeddable":true,"href":"https:\/\/transportadorafenix.com.br\/index.php\/wp-json\/wp\/v2\/users\/2"}],"replies":[{"embeddable":true,"href":"https:\/\/transportadorafenix.com.br\/index.php\/wp-json\/wp\/v2\/comments?post=76"}],"version-history":[{"count":7,"href":"https:\/\/transportadorafenix.com.br\/index.php\/wp-json\/wp\/v2\/pages\/76\/revisions"}],"predecessor-version":[{"id":1029,"href":"https:\/\/transportadorafenix.com.br\/index.php\/wp-json\/wp\/v2\/pages\/76\/revisions\/1029"}],"wp:attachment":[{"href":"https:\/\/transportadorafenix.com.br\/index.php\/wp-json\/wp\/v2\/media?parent=76"}],"curies":[{"name":"wp","href":"https:\/\/api.w.org\/{rel}","templated":true}]}}